{"id":758,"date":"2019-08-21T03:09:14","date_gmt":"2019-08-21T03:09:14","guid":{"rendered":"http:\/\/localhost\/industris\/?page_id=758"},"modified":"2022-01-11T11:56:18","modified_gmt":"2022-01-11T11:56:18","slug":"our-projects","status":"publish","type":"page","link":"https:\/\/tunadan.com.tr\/tr\/our-projects\/","title":{"rendered":"Our Projects"},"content":{"rendered":"<div data-elementor-type=\"wp-post\" data-elementor-id=\"758\" class=\"elementor elementor-758\" data-elementor-settings=\"[]\">\n\t\t\t\t\t\t\t<div class=\"elementor-section-wrap\">\n\t\t\t\t\t\t\t<section class=\"elementor-section elementor-top-section elementor-element elementor-element-31c36ef elementor-section-boxed elementor-section-height-default elementor-section-height-default\" data-id=\"31c36ef\" data-element_type=\"section\">\n\t\t\t\t\t\t<div class=\"elementor-container elementor-column-gap-extended\">\n\t\t\t\t\t<div class=\"elementor-column elementor-col-100 elementor-top-column elementor-element elementor-element-b564fe2\" data-id=\"b564fe2\" data-element_type=\"column\">\n\t\t\t<div class=\"elementor-widget-wrap elementor-element-populated\">\n\t\t\t\t\t\t\t\t<div class=\"elementor-element elementor-element-ece7f8d elementor-widget elementor-widget-iheading\" data-id=\"ece7f8d\" data-element_type=\"widget\" data-widget_type=\"iheading.default\">\n\t\t\t\t<div class=\"elementor-widget-container\">\n\t\t\t\t\t<div class=\"section-head\">\r\n\t        \t            <h6 class=\"text-primary\">EXPLORE WORK<\/h6>\r\n\t        \t        <h2 class=\"section-title\">Our Project <span class=\"text-primary\"><\/span><\/h2>\r\n\t        \t    <\/div>\r\n\t    \t\t<\/div>\n\t\t\t\t<\/div>\n\t\t\t\t<div class=\"elementor-element elementor-element-5e42eff elementor-widget elementor-widget-ipfilter\" data-id=\"5e42eff\" data-element_type=\"widget\" data-widget_type=\"ipfilter.default\">\n\t\t\t\t<div class=\"elementor-widget-container\">\n\t\t\t\r\n\t\t<div class=\"project-filter\">\r\n\t        \t        <div id=\"projects\" class=\"grid-projects row\">\r\n\t            \r\n\t                <div class=\"project-item construction col-md-4 col-sm-6\">\r\n\t\t\t\t\t\t<div class=\"relative\">\r\n\t\t\t                <div class=\"overlay\">\r\n\t\t\t                \t\t\t\t                \t<div class=\"pmeta font-second\">\r\n\t\t\t                \t\t<a href=\"https:\/\/tunadan.com.tr\/tr\/portfolio-cat\/construction\/\" rel=\"tag\">Yap\u0131<\/a>\t\t\t                \t<\/div>\r\n\t\t\t                \t\t\t                        <h4 class=\"project-name\">\r\n\t\t                        \t<a href=\"https:\/\/tunadan.com.tr\/tr\/portfolio\/tupras\/\">T\u00dcPRA\u015e<\/a>\r\n\t\t                        <\/h4>\r\n\t\t                        \t\t                        <a class=\"btn-details\" href=\"https:\/\/tunadan.com.tr\/tr\/portfolio\/tupras\/\">Detaylar\u0131 g\u00f6ster <i class=\"icon ion-md-add-circle-outline\"><\/i><\/a>\t\t\t                <\/div>\r\n\t\t\t                <a href=\"https:\/\/tunadan.com.tr\/tr\/portfolio\/tupras\/\">\r\n\t\t\t                \t<img decoding=\"async\" src=\"https:\/\/tunadan.com.tr\/wp-content\/uploads\/2022\/01\/tupras.jpg\" alt=\"T\u00dcPRA\u015e\" \/>\r\n\t\t\t                <\/a>\r\n\t\t                <\/div>\r\n\t\t\t\t\t<\/div>\r\n\r\n\t            \r\n\t                <div class=\"project-item construction col-md-4 col-sm-6\">\r\n\t\t\t\t\t\t<div class=\"relative\">\r\n\t\t\t                <div class=\"overlay\">\r\n\t\t\t                \t\t\t\t                \t<div class=\"pmeta font-second\">\r\n\t\t\t                \t\t<a href=\"https:\/\/tunadan.com.tr\/tr\/portfolio-cat\/construction\/\" rel=\"tag\">Yap\u0131<\/a>\t\t\t                \t<\/div>\r\n\t\t\t                \t\t\t                        <h4 class=\"project-name\">\r\n\t\t                        \t<a href=\"https:\/\/tunadan.com.tr\/tr\/portfolio\/idc\/\">\u0130D\u00c7<\/a>\r\n\t\t                        <\/h4>\r\n\t\t                        \t\t                        <a class=\"btn-details\" href=\"https:\/\/tunadan.com.tr\/tr\/portfolio\/idc\/\">Detaylar\u0131 g\u00f6ster <i class=\"icon ion-md-add-circle-outline\"><\/i><\/a>\t\t\t                <\/div>\r\n\t\t\t                <a href=\"https:\/\/tunadan.com.tr\/tr\/portfolio\/idc\/\">\r\n\t\t\t                \t<img decoding=\"async\" src=\"https:\/\/tunadan.com.tr\/wp-content\/uploads\/2022\/01\/icd.jpg\" alt=\"\u0130D\u00c7\" \/>\r\n\t\t\t                <\/a>\r\n\t\t                <\/div>\r\n\t\t\t\t\t<\/div>\r\n\r\n\t            \r\n\t                <div class=\"project-item construction col-md-4 col-sm-6\">\r\n\t\t\t\t\t\t<div class=\"relative\">\r\n\t\t\t                <div class=\"overlay\">\r\n\t\t\t                \t\t\t\t                \t<div class=\"pmeta font-second\">\r\n\t\t\t                \t\t<a href=\"https:\/\/tunadan.com.tr\/tr\/portfolio-cat\/construction\/\" rel=\"tag\">Yap\u0131<\/a>\t\t\t                \t<\/div>\r\n\t\t\t                \t\t\t                        <h4 class=\"project-name\">\r\n\t\t                        \t<a href=\"https:\/\/tunadan.com.tr\/tr\/portfolio\/habas\/\">haba\u015f<\/a>\r\n\t\t                        <\/h4>\r\n\t\t                        \t\t                        <a class=\"btn-details\" href=\"https:\/\/tunadan.com.tr\/tr\/portfolio\/habas\/\">Detaylar\u0131 g\u00f6ster <i class=\"icon ion-md-add-circle-outline\"><\/i><\/a>\t\t\t                <\/div>\r\n\t\t\t                <a href=\"https:\/\/tunadan.com.tr\/tr\/portfolio\/habas\/\">\r\n\t\t\t                \t<img decoding=\"async\" src=\"https:\/\/tunadan.com.tr\/wp-content\/uploads\/2022\/01\/habas.jpg\" alt=\"Haba\u015f\" \/>\r\n\t\t\t                <\/a>\r\n\t\t                <\/div>\r\n\t\t\t\t\t<\/div>\r\n\r\n\t            \r\n\t                <div class=\"project-item construction col-md-4 col-sm-6\">\r\n\t\t\t\t\t\t<div class=\"relative\">\r\n\t\t\t                <div class=\"overlay\">\r\n\t\t\t                \t\t\t\t                \t<div class=\"pmeta font-second\">\r\n\t\t\t                \t\t<a href=\"https:\/\/tunadan.com.tr\/tr\/portfolio-cat\/construction\/\" rel=\"tag\">Yap\u0131<\/a>\t\t\t                \t<\/div>\r\n\t\t\t                \t\t\t                        <h4 class=\"project-name\">\r\n\t\t                        \t<a href=\"https:\/\/tunadan.com.tr\/tr\/portfolio\/ege-celik\/\">Ege \u00c7elik<\/a>\r\n\t\t                        <\/h4>\r\n\t\t                        \t\t                        <a class=\"btn-details\" href=\"https:\/\/tunadan.com.tr\/tr\/portfolio\/ege-celik\/\">Detaylar\u0131 g\u00f6ster <i class=\"icon ion-md-add-circle-outline\"><\/i><\/a>\t\t\t                <\/div>\r\n\t\t\t                <a href=\"https:\/\/tunadan.com.tr\/tr\/portfolio\/ege-celik\/\">\r\n\t\t\t                \t<img decoding=\"async\" src=\"https:\/\/tunadan.com.tr\/wp-content\/uploads\/2022\/01\/ege-celik.jpg\" alt=\"Ege \u00c7elik\" \/>\r\n\t\t\t                <\/a>\r\n\t\t                <\/div>\r\n\t\t\t\t\t<\/div>\r\n\r\n\t            \r\n\t                <div class=\"project-item construction col-md-4 col-sm-6\">\r\n\t\t\t\t\t\t<div class=\"relative\">\r\n\t\t\t                <div class=\"overlay\">\r\n\t\t\t                \t\t\t\t                \t<div class=\"pmeta font-second\">\r\n\t\t\t                \t\t<a href=\"https:\/\/tunadan.com.tr\/tr\/portfolio-cat\/construction\/\" rel=\"tag\">Yap\u0131<\/a>\t\t\t                \t<\/div>\r\n\t\t\t                \t\t\t                        <h4 class=\"project-name\">\r\n\t\t                        \t<a href=\"https:\/\/tunadan.com.tr\/tr\/portfolio\/air-liquide\/\">HAVA SIVI<\/a>\r\n\t\t                        <\/h4>\r\n\t\t                        \t\t                        <a class=\"btn-details\" href=\"https:\/\/tunadan.com.tr\/tr\/portfolio\/air-liquide\/\">Detaylar\u0131 g\u00f6ster <i class=\"icon ion-md-add-circle-outline\"><\/i><\/a>\t\t\t                <\/div>\r\n\t\t\t                <a href=\"https:\/\/tunadan.com.tr\/tr\/portfolio\/air-liquide\/\">\r\n\t\t\t                \t<img decoding=\"async\" src=\"https:\/\/tunadan.com.tr\/wp-content\/uploads\/2022\/01\/2.jpg\" alt=\"AIR LIQUIDE\" \/>\r\n\t\t\t                <\/a>\r\n\t\t                <\/div>\r\n\t\t\t\t\t<\/div>\r\n\r\n\t            \r\n\t                <div class=\"project-item engineering col-md-4 col-sm-6\">\r\n\t\t\t\t\t\t<div class=\"relative\">\r\n\t\t\t                <div class=\"overlay\">\r\n\t\t\t                \t\t\t\t                \t<div class=\"pmeta font-second\">\r\n\t\t\t                \t\t<a href=\"https:\/\/tunadan.com.tr\/tr\/portfolio-cat\/engineering\/\" rel=\"tag\">M\u00fchendislik<\/a>\t\t\t                \t<\/div>\r\n\t\t\t                \t\t\t                        <h4 class=\"project-name\">\r\n\t\t                        \t<a href=\"https:\/\/tunadan.com.tr\/tr\/portfolio\/abalioglu-manufacturing\/\">Abal\u0131o\u011flu \u0130malat<\/a>\r\n\t\t                        <\/h4>\r\n\t\t                        \t\t                        <a class=\"btn-details\" href=\"https:\/\/tunadan.com.tr\/tr\/portfolio\/abalioglu-manufacturing\/\">Detaylar\u0131 g\u00f6ster <i class=\"icon ion-md-add-circle-outline\"><\/i><\/a>\t\t\t                <\/div>\r\n\t\t\t                <a href=\"https:\/\/tunadan.com.tr\/tr\/portfolio\/abalioglu-manufacturing\/\">\r\n\t\t\t                \t<img decoding=\"async\" src=\"https:\/\/tunadan.com.tr\/wp-content\/uploads\/2019\/08\/aba.jpg\" alt=\"Abal\u0131o\u011flu Manufacturing\" \/>\r\n\t\t\t                <\/a>\r\n\t\t                <\/div>\r\n\t\t\t\t\t<\/div>\r\n\r\n\t            \t        <\/div>\r\n\t    <\/div>\r\n\r\n\t    \t\t<\/div>\n\t\t\t\t<\/div>\n\t\t\t\t\t<\/div>\n\t\t<\/div>\n\t\t\t\t\t\t\t<\/div>\n\t\t<\/section>\n\t\t\t\t\t\t<\/div>\n\t\t\t\t\t<\/div>","protected":false},"excerpt":{"rendered":"<p>EXPLORE WORK Our Project Construction AIR LIQUIDE View details Engineering Abal\u0131o\u011flu Manufacturing View details<\/p>","protected":false},"author":1,"featured_media":0,"parent":0,"menu_order":0,"comment_status":"closed","ping_status":"closed","template":"","meta":{"footnotes":""},"class_list":["post-758","page","type-page","status-publish","hentry"],"_links":{"self":[{"href":"https:\/\/tunadan.com.tr\/tr\/wp-json\/wp\/v2\/pages\/758","targetHints":{"allow":["GET"]}}],"collection":[{"href":"https:\/\/tunadan.com.tr\/tr\/wp-json\/wp\/v2\/pages"}],"about":[{"href":"https:\/\/tunadan.com.tr\/tr\/wp-json\/wp\/v2\/types\/page"}],"author":[{"embeddable":true,"href":"https:\/\/tunadan.com.tr\/tr\/wp-json\/wp\/v2\/users\/1"}],"replies":[{"embeddable":true,"href":"https:\/\/tunadan.com.tr\/tr\/wp-json\/wp\/v2\/comments?post=758"}],"version-history":[{"count":4,"href":"https:\/\/tunadan.com.tr\/tr\/wp-json\/wp\/v2\/pages\/758\/revisions"}],"predecessor-version":[{"id":1934,"href":"https:\/\/tunadan.com.tr\/tr\/wp-json\/wp\/v2\/pages\/758\/revisions\/1934"}],"wp:attachment":[{"href":"https:\/\/tunadan.com.tr\/tr\/wp-json\/wp\/v2\/media?parent=758"}],"curies":[{"name":"wp","href":"https:\/\/api.w.org\/{rel}","templated":true}]}}