{"id":2326,"date":"2023-02-06T10:49:55","date_gmt":"2023-02-06T10:49:55","guid":{"rendered":"https:\/\/tunadan.com.tr\/?page_id=2326"},"modified":"2023-02-06T10:55:53","modified_gmt":"2023-02-06T10:55:53","slug":"pipe-laser-cutting","status":"publish","type":"page","link":"https:\/\/tunadan.com.tr\/tr\/pipe-laser-cutting\/","title":{"rendered":"Boru Lazer Kesim"},"content":{"rendered":"<div data-elementor-type=\"wp-page\" data-elementor-id=\"2326\" class=\"elementor elementor-2326\" data-elementor-settings=\"[]\">\n\t\t\t\t\t\t\t<div class=\"elementor-section-wrap\">\n\t\t\t\t\t\t\t<section class=\"elementor-section elementor-top-section elementor-element elementor-element-61b20b71 elementor-section-height-min-height elementor-section-boxed elementor-section-height-default elementor-section-items-middle\" data-id=\"61b20b71\" data-element_type=\"section\" data-settings=\"{&quot;background_background&quot;:&quot;classic&quot;}\">\n\t\t\t\t\t\t\t<div class=\"elementor-background-overlay\"><\/div>\n\t\t\t\t\t\t\t<div class=\"elementor-container elementor-column-gap-default\">\n\t\t\t\t\t<div class=\"elementor-column elementor-col-50 elementor-top-column elementor-element elementor-element-59e70ec5\" data-id=\"59e70ec5\" data-element_type=\"column\">\n\t\t\t<div class=\"elementor-widget-wrap elementor-element-populated\">\n\t\t\t\t\t\t\t\t<div class=\"elementor-element elementor-element-3fe91bdb elementor-widget elementor-widget-text-editor\" data-id=\"3fe91bdb\" data-element_type=\"widget\" data-widget_type=\"text-editor.default\">\n\t\t\t\t<div class=\"elementor-widget-container\">\n\t\t\t<style>\/*! elementor - v3.5.3 - 28-12-2021 *\/\n.elementor-widget-text-editor.elementor-drop-cap-view-stacked .elementor-drop-cap{background-color:#818a91;color:#fff}.elementor-widget-text-editor.elementor-drop-cap-view-framed .elementor-drop-cap{color:#818a91;border:3px solid;background-color:transparent}.elementor-widget-text-editor:not(.elementor-drop-cap-view-default) .elementor-drop-cap{margin-top:8px}.elementor-widget-text-editor:not(.elementor-drop-cap-view-default) .elementor-drop-cap-letter{width:1em;height:1em}.elementor-widget-text-editor .elementor-drop-cap{float:left;text-align:center;line-height:1;font-size:50px}.elementor-widget-text-editor .elementor-drop-cap-letter{display:inline-block}<\/style>\t\t\t\t<p><span style=\"font-weight: 400;\">Boru lazer kesim, y\u00fcksek kaliteli kesimler ve montaj i\u00e7in haz\u0131r tasar\u0131mlar istedi\u011finizde tercih edece\u011finiz y\u00f6ntemdir. \u0130malat\u0131n daha sonraki a\u015famalar\u0131nda boru par\u00e7alar\u0131n\u0131n kaynak yap\u0131lmas\u0131 gerekiyorsa, boru lazer en iyi \u00e7\u00f6z\u00fcm\u00fc sunar.<\/span><\/p><p><strong>Kesilen boru ve profiller, kesim sonras\u0131nda her hangi bir ek i\u015flem gerektirmez.Kesim temiz ve hassast\u0131r. Verimlili\u011finizi ve h\u0131z\u0131n\u0131z\u0131 artt\u0131rarak maliyetinizin d\u00fc\u015fmesini sa\u011flar.<\/strong><\/p>\t\t\t\t\t\t<\/div>\n\t\t\t\t<\/div>\n\t\t\t\t\t<\/div>\n\t\t<\/div>\n\t\t\t\t<div class=\"elementor-column elementor-col-50 elementor-top-column elementor-element elementor-element-3ec9350a\" data-id=\"3ec9350a\" data-element_type=\"column\">\n\t\t\t<div class=\"elementor-widget-wrap elementor-element-populated\">\n\t\t\t\t\t\t\t\t<div class=\"elementor-element elementor-element-2165002a elementor-widget elementor-widget-image\" data-id=\"2165002a\" data-element_type=\"widget\" data-settings=\"{&quot;motion_fx_motion_fx_scrolling&quot;:&quot;yes&quot;,&quot;motion_fx_translateY_effect&quot;:&quot;yes&quot;,&quot;motion_fx_translateY_speed&quot;:{&quot;unit&quot;:&quot;px&quot;,&quot;size&quot;:&quot;1&quot;,&quot;sizes&quot;:[]},&quot;motion_fx_translateY_affectedRange&quot;:{&quot;unit&quot;:&quot;%&quot;,&quot;size&quot;:&quot;&quot;,&quot;sizes&quot;:{&quot;start&quot;:0,&quot;end&quot;:100}},&quot;motion_fx_devices&quot;:[&quot;desktop&quot;,&quot;tablet&quot;,&quot;mobile&quot;]}\" data-widget_type=\"image.default\">\n\t\t\t\t<div class=\"elementor-widget-container\">\n\t\t\t<style>\/*! elementor - v3.5.3 - 28-12-2021 *\/\n.elementor-widget-image{text-align:center}.elementor-widget-image a{display:inline-block}.elementor-widget-image a img[src$=\".svg\"]{width:48px}.elementor-widget-image img{vertical-align:middle;display:inline-block}<\/style>\t\t\t\t\t\t\t\t\t\t\t\t<img loading=\"lazy\" decoding=\"async\" width=\"1536\" height=\"1011\" src=\"https:\/\/tunadan.com.tr\/wp-content\/uploads\/2023\/02\/pipe-laser-1536x1011.jpg\" class=\"attachment-1536x1536 size-1536x1536\" alt=\"\" srcset=\"https:\/\/tunadan.com.tr\/wp-content\/uploads\/2023\/02\/pipe-laser-1536x1011.jpg 1536w, https:\/\/tunadan.com.tr\/wp-content\/uploads\/2023\/02\/pipe-laser-300x198.jpg 300w, https:\/\/tunadan.com.tr\/wp-content\/uploads\/2023\/02\/pipe-laser-1024x674.jpg 1024w, https:\/\/tunadan.com.tr\/wp-content\/uploads\/2023\/02\/pipe-laser-768x506.jpg 768w, https:\/\/tunadan.com.tr\/wp-content\/uploads\/2023\/02\/pipe-laser.jpg 1920w\" sizes=\"auto, (max-width: 1536px) 100vw, 1536px\" \/>\t\t\t\t\t\t\t\t\t\t\t\t\t\t\t<\/div>\n\t\t\t\t<\/div>\n\t\t\t\t\t<\/div>\n\t\t<\/div>\n\t\t\t\t\t\t\t<\/div>\n\t\t<\/section>\n\t\t\t\t\t\t<\/div>\n\t\t\t\t\t<\/div>","protected":false},"excerpt":{"rendered":"<p>Pipe laser cutting is the way to go when you want high-quality cuts and designs ready for assembly and construction.If pieces of pipe need to be welded at a later stage in manufacturing, a pipe laser offers the best solution. Contact us to find out how we can meet and exceed your requirements and specifications<\/p>","protected":false},"author":1,"featured_media":0,"parent":0,"menu_order":0,"comment_status":"closed","ping_status":"closed","template":"","meta":{"footnotes":""},"class_list":["post-2326","page","type-page","status-publish","hentry"],"_links":{"self":[{"href":"https:\/\/tunadan.com.tr\/tr\/wp-json\/wp\/v2\/pages\/2326","targetHints":{"allow":["GET"]}}],"collection":[{"href":"https:\/\/tunadan.com.tr\/tr\/wp-json\/wp\/v2\/pages"}],"about":[{"href":"https:\/\/tunadan.com.tr\/tr\/wp-json\/wp\/v2\/types\/page"}],"author":[{"embeddable":true,"href":"https:\/\/tunadan.com.tr\/tr\/wp-json\/wp\/v2\/users\/1"}],"replies":[{"embeddable":true,"href":"https:\/\/tunadan.com.tr\/tr\/wp-json\/wp\/v2\/comments?post=2326"}],"version-history":[{"count":7,"href":"https:\/\/tunadan.com.tr\/tr\/wp-json\/wp\/v2\/pages\/2326\/revisions"}],"predecessor-version":[{"id":2334,"href":"https:\/\/tunadan.com.tr\/tr\/wp-json\/wp\/v2\/pages\/2326\/revisions\/2334"}],"wp:attachment":[{"href":"https:\/\/tunadan.com.tr\/tr\/wp-json\/wp\/v2\/media?parent=2326"}],"curies":[{"name":"wp","href":"https:\/\/api.w.org\/{rel}","templated":true}]}}