{"id":2069,"date":"2022-01-17T13:26:36","date_gmt":"2022-01-17T13:26:36","guid":{"rendered":"https:\/\/tunadan.com.tr\/?page_id=2069"},"modified":"2022-01-18T14:25:54","modified_gmt":"2022-01-18T14:25:54","slug":"history-2","status":"publish","type":"page","link":"https:\/\/tunadan.com.tr\/tr\/history-2\/","title":{"rendered":"Tarih\u00e7e"},"content":{"rendered":"<div data-elementor-type=\"wp-page\" data-elementor-id=\"2069\" class=\"elementor elementor-2069\" data-elementor-settings=\"[]\">\n\t\t\t\t\t\t\t<div class=\"elementor-section-wrap\">\n\t\t\t\t\t\t\t<section class=\"elementor-section elementor-top-section elementor-element elementor-element-27ecb7fa elementor-section-content-middle elementor-section-boxed elementor-section-height-default elementor-section-height-default\" data-id=\"27ecb7fa\" data-element_type=\"section\" data-settings=\"{&quot;background_background&quot;:&quot;classic&quot;}\">\n\t\t\t\t\t\t<div class=\"elementor-container elementor-column-gap-extended\">\n\t\t\t\t\t<div class=\"elementor-column elementor-col-50 elementor-top-column elementor-element elementor-element-3a52add2\" data-id=\"3a52add2\" data-element_type=\"column\">\n\t\t\t<div class=\"elementor-widget-wrap elementor-element-populated\">\n\t\t\t\t\t\t\t\t<div class=\"elementor-element elementor-element-67081885 elementor-widget elementor-widget-heading\" data-id=\"67081885\" data-element_type=\"widget\" data-widget_type=\"heading.default\">\n\t\t\t\t<div class=\"elementor-widget-container\">\n\t\t\t<style>\/*! elementor - v3.5.3 - 28-12-2021 *\/\n.elementor-heading-title{padding:0;margin:0;line-height:1}.elementor-widget-heading .elementor-heading-title[class*=elementor-size-]>a{color:inherit;font-size:inherit;line-height:inherit}.elementor-widget-heading .elementor-heading-title.elementor-size-small{font-size:15px}.elementor-widget-heading .elementor-heading-title.elementor-size-medium{font-size:19px}.elementor-widget-heading .elementor-heading-title.elementor-size-large{font-size:29px}.elementor-widget-heading .elementor-heading-title.elementor-size-xl{font-size:39px}.elementor-widget-heading .elementor-heading-title.elementor-size-xxl{font-size:59px}<\/style><h4 class=\"elementor-heading-title elementor-size-default\">KISACA TAR\u0130H\n<\/h4>\t\t<\/div>\n\t\t\t\t<\/div>\n\t\t\t\t<div class=\"elementor-element elementor-element-46bcee92 elementor-widget elementor-widget-text-editor\" data-id=\"46bcee92\" data-element_type=\"widget\" data-widget_type=\"text-editor.default\">\n\t\t\t\t<div class=\"elementor-widget-container\">\n\t\t\t<style>\/*! elementor - v3.5.3 - 28-12-2021 *\/\n.elementor-widget-text-editor.elementor-drop-cap-view-stacked .elementor-drop-cap{background-color:#818a91;color:#fff}.elementor-widget-text-editor.elementor-drop-cap-view-framed .elementor-drop-cap{color:#818a91;border:3px solid;background-color:transparent}.elementor-widget-text-editor:not(.elementor-drop-cap-view-default) .elementor-drop-cap{margin-top:8px}.elementor-widget-text-editor:not(.elementor-drop-cap-view-default) .elementor-drop-cap-letter{width:1em;height:1em}.elementor-widget-text-editor .elementor-drop-cap{float:left;text-align:center;line-height:1;font-size:50px}.elementor-widget-text-editor .elementor-drop-cap-letter{display:inline-block}<\/style>\t\t\t\t<p>1991 y\u0131l\u0131nda Vedat Tunal\u0131 taraf\u0131ndan Kocaeli'de kuruldu.<br \/>A\u011f\u0131rl\u0131kl\u0131 olarak hizmet alan\u0131 Demir \u00c7elik Fabrikalar\u0131ndaki borulama i\u015fleridir.<br \/>2005-Merkez ofisi T\u00fcrkiye&#039;nin \u00fc\u00e7\u00fcnc\u00fc b\u00fcy\u00fck \u015fehri olan \u0130zmir&#039;e ta\u015f\u0131nd\u0131.<br \/>2009- \u0130kinci ku\u015fak Alt\u0131nay Tunal\u0131 y\u00f6netimi devrald\u0131.<br \/>2014- Demir \u00c7elik Fabrikalar\u0131na ek olarak Petrol ve Gaz Rafinerilerinde borulama ve \u00e7elik konstr\u00fcksiyonu i\u015flerine ba\u015flanm\u0131\u015ft\u0131r.<br \/>2018-Hayvan \u00c7iftli\u011fi Ekipmanlar\u0131 \u00fcretimi ve Avrupa\u2019ya ihracat\u0131n ba\u015flanmas\u0131<br \/>2021-Metal i\u015fleme ekipmanlar\u0131na yat\u0131r\u0131m yap\u0131larak, mevcut i\u015flerin yan\u0131 s\u0131ra sac i\u015fleme merkezi olarak da hizmet sunmaya ba\u015flanm\u0131\u015ft\u0131r.<\/p>\t\t\t\t\t\t<\/div>\n\t\t\t\t<\/div>\n\t\t\t\t\t<\/div>\n\t\t<\/div>\n\t\t\t\t<div class=\"elementor-column elementor-col-50 elementor-top-column elementor-element elementor-element-3a0b7ea6\" data-id=\"3a0b7ea6\" data-element_type=\"column\">\n\t\t\t<div class=\"elementor-widget-wrap elementor-element-populated\">\n\t\t\t\t\t\t\t\t<div class=\"elementor-element elementor-element-5803164 elementor-widget elementor-widget-image\" data-id=\"5803164\" data-element_type=\"widget\" data-widget_type=\"image.default\">\n\t\t\t\t<div class=\"elementor-widget-container\">\n\t\t\t<style>\/*! elementor - v3.5.3 - 28-12-2021 *\/\n.elementor-widget-image{text-align:center}.elementor-widget-image a{display:inline-block}.elementor-widget-image a img[src$=\".svg\"]{width:48px}.elementor-widget-image img{vertical-align:middle;display:inline-block}<\/style>\t\t\t\t\t\t\t\t\t\t\t\t<img loading=\"lazy\" decoding=\"async\" width=\"599\" height=\"384\" src=\"https:\/\/tunadan.com.tr\/wp-content\/uploads\/2019\/02\/8122017103157475.jpg\" class=\"attachment-large size-large\" alt=\"\" srcset=\"https:\/\/tunadan.com.tr\/wp-content\/uploads\/2019\/02\/8122017103157475.jpg 599w, https:\/\/tunadan.com.tr\/wp-content\/uploads\/2019\/02\/8122017103157475-300x192.jpg 300w\" sizes=\"auto, (max-width: 599px) 100vw, 599px\" \/>\t\t\t\t\t\t\t\t\t\t\t\t\t\t\t<\/div>\n\t\t\t\t<\/div>\n\t\t\t\t\t<\/div>\n\t\t<\/div>\n\t\t\t\t\t\t\t<\/div>\n\t\t<\/section>\n\t\t\t\t\t\t<\/div>\n\t\t\t\t\t<\/div>","protected":false},"excerpt":{"rendered":"<p>HISTORY IN BRIEF 1991-Founded in 1991 by Vedat Tunal\u0131 in Kocaeli. Mainly service area is piping works in Iron and Steel Factories. 2005-Moved headquarter to Izmir third biggest city in Turkey. 2009- Second generation Alt\u0131nay Tunal\u0131 takeover the management. 2014-Piping and steel construction at Oil and Gas Refineries beside the Iron and Steel Factories. 2018-Start [&hellip;]<\/p>","protected":false},"author":1,"featured_media":0,"parent":0,"menu_order":0,"comment_status":"closed","ping_status":"closed","template":"","meta":{"footnotes":""},"class_list":["post-2069","page","type-page","status-publish","hentry"],"_links":{"self":[{"href":"https:\/\/tunadan.com.tr\/tr\/wp-json\/wp\/v2\/pages\/2069","targetHints":{"allow":["GET"]}}],"collection":[{"href":"https:\/\/tunadan.com.tr\/tr\/wp-json\/wp\/v2\/pages"}],"about":[{"href":"https:\/\/tunadan.com.tr\/tr\/wp-json\/wp\/v2\/types\/page"}],"author":[{"embeddable":true,"href":"https:\/\/tunadan.com.tr\/tr\/wp-json\/wp\/v2\/users\/1"}],"replies":[{"embeddable":true,"href":"https:\/\/tunadan.com.tr\/tr\/wp-json\/wp\/v2\/comments?post=2069"}],"version-history":[{"count":5,"href":"https:\/\/tunadan.com.tr\/tr\/wp-json\/wp\/v2\/pages\/2069\/revisions"}],"predecessor-version":[{"id":2172,"href":"https:\/\/tunadan.com.tr\/tr\/wp-json\/wp\/v2\/pages\/2069\/revisions\/2172"}],"wp:attachment":[{"href":"https:\/\/tunadan.com.tr\/tr\/wp-json\/wp\/v2\/media?parent=2069"}],"curies":[{"name":"wp","href":"https:\/\/api.w.org\/{rel}","templated":true}]}}